{"id":7,"date":"2020-11-03T12:48:58","date_gmt":"2020-11-03T12:48:58","guid":{"rendered":"http:\/\/www.zorkawollny.net\/NOISE-SISTERS\/?page_id=7"},"modified":"2020-11-10T22:35:17","modified_gmt":"2020-11-10T22:35:17","slug":"about","status":"publish","type":"page","link":"http:\/\/www.zorkawollny.net\/NOISE-SISTERS\/index.php\/about\/","title":{"rendered":"About"},"content":{"rendered":"\n<div class=\"wp-block-columns\">\n<div class=\"wp-block-column\">\n<h2>Let&#8217;s Make Noise, Sisters!<br>radical musical<\/h2>\n\n\n\n<p class=\"has-large-font-size\">venue: Komuna Warszawa<br>premiere: 30&amp;31 October 2020<\/p>\n\n\n\n<p class=\"has-large-font-size\"><br>directed by:&nbsp;<br>Zorka Wollny<br><br>written and performed by: <br>Ana Kavalis<br>Anna Gutkowska<br>Anna Clementi<br>Anna Jurkiewicz <br>Anna Krzystowska <br>Barbara Pop\u0142awska<br>Dagmara Siwczyk<br>Dominika Korzeniecka<br>Edyta Paw\u0142owska<br>El\u017cbieta Balano<br>Ewa Majewska<br>Florence Freitag<br>Gosia Gajdemska<br>Karoline Strys<br>Leah Buckareff<br>Lyllie Rouvi\u00e8re<br>Magdalena \u017baczek<br>Majka Gromadowska<br>Pauline Payen<br>Renata Dziurawiec<br>Ula Iwi\u0144ska<br>Zorka Wollny<\/p>\n\n\n\n<p class=\"has-large-font-size\"><br>filmed&nbsp;by: <br>Insa Langhorst, Aleka Polis<br><br><\/p>\n\n\n\n<p class=\"has-large-font-size\">special thanks;<\/p>\n\n\n\n<p class=\"has-large-font-size\">Alex Stolze, Andrea Huyoff, Magdalena Komornicka\/ Zach\u0119ta Gallery<\/p>\n<\/div>\n\n\n\n<div class=\"wp-block-column is-vertically-aligned-top\">\n<p class=\"has-medium-font-size\">Zorka Wollny \u201cLet\u2019s Make Noise, Sisters!\u201d was created as part of the Hub Kultury 2020 program &#8220;Common Ground&#8221;<\/p>\n\n\n\n<p class=\"has-medium-font-size\">Curatorial team: Tim Etchells, Marta Keil and Grzegorz Reske<br>The project is co-financed by the Capital City of Warsaw<br>Production: Komuna Warszawa Theater<\/p>\n\n\n\n<p class=\"has-medium-font-size\">About the Komuna Warszawa project &#8211; Culture Hub 2020 &#8220;Common Ground&#8221;: This year, the residency program in Komuna Warszawa was themed &#8220;Common Ground\u201d. The team of curators&nbsp;&nbsp;consisting of Tim Etchells, Marta Keil and Grzegorz Reske encouraged artists to start a dialogue on what terms it is now possible to establish the common space. The creators investigated the methods of negotiating \u201cthe common\u201d and wondered to whom the common ground truly belongs. Who sets its frames and borders? With whom do we talk and establish the rules? Who will never be allowed in this space?<\/p>\n\n\n\n<p class=\"has-medium-font-size\">Team of Komuna Warszawa Theater: Adam Jankowski, Alina Ga\u0142\u0105zka, Bartek R\u0105czkowski, Grzegorz Laszuk, Kasia Zarzycka, Olga Kozi\u0144ska, Piotr Szczygielski.<br><br>photos from the show; Pat Mac<br>Courtesy of Komuna Warszawa<\/p>\n\n\n\n<p><\/p>\n\n\n\n<div style=\"height:100px\" aria-hidden=\"true\" class=\"wp-block-spacer\"><\/div>\n\n\n\n<figure class=\"wp-block-gallery aligncenter columns-3\"><ul class=\"blocks-gallery-grid\"><li class=\"blocks-gallery-item\"><figure><img loading=\"lazy\" width=\"728\" height=\"208\" src=\"http:\/\/www.zorkawollny.net\/NOISE-SISTERS\/wp-content\/uploads\/2020\/11\/loga2-kopia.png\" alt=\"\" data-id=\"457\" data-full-url=\"http:\/\/www.zorkawollny.net\/NOISE-SISTERS\/wp-content\/uploads\/2020\/11\/loga2-kopia.png\" data-link=\"http:\/\/www.zorkawollny.net\/NOISE-SISTERS\/index.php\/about\/loga2-kopia\/\" class=\"wp-image-457\" srcset=\"http:\/\/www.zorkawollny.net\/NOISE-SISTERS\/wp-content\/uploads\/2020\/11\/loga2-kopia.png 728w, http:\/\/www.zorkawollny.net\/NOISE-SISTERS\/wp-content\/uploads\/2020\/11\/loga2-kopia-300x86.png 300w, http:\/\/www.zorkawollny.net\/NOISE-SISTERS\/wp-content\/uploads\/2020\/11\/loga2-kopia-558x159.png 558w, http:\/\/www.zorkawollny.net\/NOISE-SISTERS\/wp-content\/uploads\/2020\/11\/loga2-kopia-655x187.png 655w\" sizes=\"(max-width: 728px) 100vw, 728px\" \/><\/figure><\/li><li class=\"blocks-gallery-item\"><figure><img loading=\"lazy\" width=\"269\" height=\"252\" src=\"http:\/\/www.zorkawollny.net\/NOISE-SISTERS\/wp-content\/uploads\/2020\/11\/loga4-kopia.png\" alt=\"\" data-id=\"459\" data-full-url=\"http:\/\/www.zorkawollny.net\/NOISE-SISTERS\/wp-content\/uploads\/2020\/11\/loga4-kopia.png\" data-link=\"http:\/\/www.zorkawollny.net\/NOISE-SISTERS\/index.php\/about\/loga4-kopia\/\" class=\"wp-image-459\"\/><\/figure><\/li><li class=\"blocks-gallery-item\"><figure><img loading=\"lazy\" width=\"617\" height=\"345\" src=\"http:\/\/www.zorkawollny.net\/NOISE-SISTERS\/wp-content\/uploads\/2020\/11\/loga3-kopia.png\" alt=\"\" data-id=\"458\" data-full-url=\"http:\/\/www.zorkawollny.net\/NOISE-SISTERS\/wp-content\/uploads\/2020\/11\/loga3-kopia.png\" data-link=\"http:\/\/www.zorkawollny.net\/NOISE-SISTERS\/index.php\/about\/loga3-kopia\/\" class=\"wp-image-458\" srcset=\"http:\/\/www.zorkawollny.net\/NOISE-SISTERS\/wp-content\/uploads\/2020\/11\/loga3-kopia.png 617w, http:\/\/www.zorkawollny.net\/NOISE-SISTERS\/wp-content\/uploads\/2020\/11\/loga3-kopia-300x168.png 300w, http:\/\/www.zorkawollny.net\/NOISE-SISTERS\/wp-content\/uploads\/2020\/11\/loga3-kopia-558x312.png 558w\" sizes=\"(max-width: 617px) 100vw, 617px\" \/><\/figure><\/li><\/ul><\/figure>\n<\/div>\n<\/div>\n\n\n\n<p class=\"has-small-font-size\">Website by&nbsp;<a rel=\"noreferrer noopener\" href=\"http:\/\/noviki.net\" data-type=\"URL\" data-id=\"noviki.net\" target=\"_blank\">Post Studio Noviki<\/a><\/p>\n","protected":false},"excerpt":{"rendered":"<p>Let&#8217;s Make Noise, Sisters!radical musical venue: Komuna Warszawapremiere: 30&amp;31 October 2020 directed by:&nbsp;Zorka Wollny written and performed by: Ana KavalisAnna GutkowskaAnna ClementiAnna Jurkiewicz Anna Krzystowska Barbara Pop\u0142awskaDagmara SiwczykDominika KorzenieckaEdyta Paw\u0142owskaEl\u017cbieta BalanoEwa MajewskaFlorence FreitagGosia GajdemskaKaroline StrysLeah BuckareffLyllie Rouvi\u00e8reMagdalena \u017baczekMajka GromadowskaPauline PayenRenata DziurawiecUla Iwi\u0144skaZorka Wollny filmed&nbsp;by: Insa Langhorst, Aleka Polis special thanks; Alex Stolze, Andrea Huyoff, Magdalena&hellip;<\/p>\n","protected":false},"author":1,"featured_media":0,"parent":0,"menu_order":0,"comment_status":"closed","ping_status":"closed","template":"","meta":[],"_links":{"self":[{"href":"http:\/\/www.zorkawollny.net\/NOISE-SISTERS\/index.php\/wp-json\/wp\/v2\/pages\/7"}],"collection":[{"href":"http:\/\/www.zorkawollny.net\/NOISE-SISTERS\/index.php\/wp-json\/wp\/v2\/pages"}],"about":[{"href":"http:\/\/www.zorkawollny.net\/NOISE-SISTERS\/index.php\/wp-json\/wp\/v2\/types\/page"}],"author":[{"embeddable":true,"href":"http:\/\/www.zorkawollny.net\/NOISE-SISTERS\/index.php\/wp-json\/wp\/v2\/users\/1"}],"replies":[{"embeddable":true,"href":"http:\/\/www.zorkawollny.net\/NOISE-SISTERS\/index.php\/wp-json\/wp\/v2\/comments?post=7"}],"version-history":[{"count":44,"href":"http:\/\/www.zorkawollny.net\/NOISE-SISTERS\/index.php\/wp-json\/wp\/v2\/pages\/7\/revisions"}],"predecessor-version":[{"id":573,"href":"http:\/\/www.zorkawollny.net\/NOISE-SISTERS\/index.php\/wp-json\/wp\/v2\/pages\/7\/revisions\/573"}],"wp:attachment":[{"href":"http:\/\/www.zorkawollny.net\/NOISE-SISTERS\/index.php\/wp-json\/wp\/v2\/media?parent=7"}],"curies":[{"name":"wp","href":"https:\/\/api.w.org\/{rel}","templated":true}]}}