{"id":62,"date":"2020-11-03T14:38:45","date_gmt":"2020-11-03T14:38:45","guid":{"rendered":"http:\/\/www.zorkawollny.net\/NOISE-SISTERS\/?page_id=62"},"modified":"2020-11-11T15:17:34","modified_gmt":"2020-11-11T15:17:34","slug":"inspiracje","status":"publish","type":"page","link":"http:\/\/www.zorkawollny.net\/NOISE-SISTERS\/index.php\/pl\/inspiracje\/","title":{"rendered":"Inspiracje"},"content":{"rendered":"\n<p class=\"has-large-font-size\"><br><\/p>\n\n\n\n<p class=\"has-large-font-size\"><br>\u201eM\u00f3wi\u0119&nbsp;nie w\u0142asnemu&nbsp;instynktowi milczenia.&nbsp;<\/p>\n\n\n\n<p class=\"has-large-font-size\">To zrobi\u0119.<\/p>\n\n\n\n<p class=\"has-large-font-size\">Tego nie zrobi\u0119.<\/p>\n\n\n\n<p class=\"has-large-font-size\">Nie musz\u0119 by\u0107 dla ciebie mi\u0142a.\u201d<\/p>\n\n\n\n<p class=\"has-large-font-size\">Lindy West (2016)<\/p>\n\n\n\n<p><\/p>\n\n\n\n<p><\/p>\n\n\n\n<p class=\"has-large-font-size\"><br>\u201eKobieto, je\u015bli chcesz si\u0119 urzeczywistni\u0107 \u2014 jeste\u015b w przededniu niszczycielskiego przewrotu psychicznego. Jedyn\u0105 metod\u0105 jest Absolutne zniszczenie.<br>\u015alizgasz sie po powierzchni rzeczywisto\u015bci. Czy to wszystko czego chcesz?Kochanka i matka.<br>Zniszczenie dziewictwa.<br>Kobiety musz\u0105 zacz\u0105\u0107 od zniszczenia w sobie pragnienia bycia kochanymi.\u201d<\/p>\n\n\n\n<p class=\"has-large-font-size\">Mina Loy (1914)<\/p>\n\n\n\n<p class=\"has-large-font-size\"><br>(Femme)<\/p>\n\n\n\n<p class=\"has-large-font-size\">\u201eTa kobieta powinna przesta\u0107 sprz\u0105ta\u0107 nieczysto\u015bci, ka\u017cdy powinien sam sprz\u0105ta\u0107 swoje g\u00f3wno. Powinni\u015bmy przy\u0142\u0105czy\u0107 si\u0119 do tej kobiety w sprz\u0105taniu g\u00f3wna, aby by\u0142a nam r\u00f3wna, i to konkretnie, a nie tylko s\u0142owami.\u201d<br>Fran\u00e7oise Verg\u00e8s (2019)<\/p>\n\n\n\n<p><\/p>\n\n\n\n<p><\/p>\n\n\n\n<p class=\"has-large-font-size\"><br>\u201eM\u00f3j problem jest problemem kobiety\u201d<br>Ewa Partum (1980)<\/p>\n\n\n\n<p class=\"has-large-font-size\"><br>\u201eTw\u00f3j&nbsp;gniew jest darem, kt\u00f3ry dajesz sobie i \u015bwiatu, nale\u017c\u0105cemu do Ciebie. W gniewie \u017cyjemy pe\u0142niej, swobodniej, intensywniej, bardziej wra\u017cliwie, bardziej politycznie.\u201d<\/p>\n\n\n\n<p class=\"has-large-font-size\">&nbsp;Soraya Chemaly (2018)<\/p>\n\n\n\n<p class=\"has-large-font-size\"><br>\u201e\u017badna kobieta nie osi\u0105ga orgazmu, od pucowania pod\u0142ogi w kuchni.\u201d<br>Betty Friedan (1963)<\/p>\n\n\n\n<p class=\"has-large-font-size\"><br>\u201eM\u00f3wi\u0105, \u017ce to mi\u0142o\u015b\u0107. My m\u00f3wimy, \u017ce jest to praca nieodp\u0142atna.<\/p>\n\n\n\n<p class=\"has-large-font-size\">Nazywaj\u0105 to ozi\u0119b\u0142o\u015bci\u0105. Nazywamy to nieobecno\u015bci\u0105.<\/p>\n\n\n\n<p class=\"has-large-font-size\">Ka\u017cde poronienie to wypadek przy pracy.<\/p>\n\n\n\n<p class=\"has-large-font-size\">Wi\u0119cej u\u015bmiech\u00f3w? Wi\u0119cej pieni\u0119dzy. \u201d<\/p>\n\n\n\n<p class=\"has-large-font-size\">Silvia Federici (1975)<\/p>\n\n\n\n<p class=\"has-large-font-size\"><br>\u201eKobieta musi mie\u0107 pieni\u0105dze i w\u0142asny pok\u00f3j zamykany na klucz.\u201d<\/p>\n\n\n\n<p class=\"has-large-font-size\">Wirginia Wolf (1929)<\/p>\n\n\n\n<p class=\"has-large-font-size\"><br>\u201eRadykalna kobieco\u015b\u0107 mo\u017ce tylko z\u0142ama\u0107, rozbi\u0107, zmia\u017cd\u017cy\u0107, rozerwa\u0107 na strz\u0119py to wszystko, co na niej ci\u0105\u017cy i powstrzymuje j\u0105.<br>Mo\u017ce wymy\u015bla\u0107 i eksplodowa\u0107.<br>Wyrywanie swoich pomys\u0142\u00f3w i projekt\u00f3w z g\u0142\u0119bi w\u0142asnych wn\u0119trzno\u015bci. Urodzenie w\u0142asnej to\u017csamo\u015bci.<br>Radykalna kobieco\u015b\u0107 mo\u017ce by\u0107 jedynie harmoni\u0105 mi\u0119dzy tzw. kobieco\u015bci\u0105 i m\u0119sko\u015bci\u0105.<br>Mo\u017ce by\u0107 jedynie r\u00f3wnowag\u0105 mi\u0119dzy p\u0142ci\u0105 fizyczn\u0105 a psychiczn\u0105, subiektywn\u0105 p\u0142ci\u0105.<br>Mo\u017ce \u0142\u0105czy\u0107 sprzeczne ale uzupe\u0142niaj\u0105ce si\u0119 pulsacje.<br>Radykalna kobieco\u015b\u0107 mo\u017ce by\u0107 tylko ca\u0142o\u015bci\u0105 \u2014 ani fragmentem, ani brakiem brak\u00f3w.<br>Jogini manifestuj\u0105ca serpentynow\u0105 energi\u0119 ze swojej waginy.\u201d<\/p>\n\n\n\n<p class=\"has-large-font-size\">Maria Klonaris &amp; Katerina Thomadaki (1977)<\/p>\n\n\n\n<p class=\"has-large-font-size\"><br>\u201eW tej kulturze kobiety s\u0105 ciagle prawie nieobecne. Nieznane.<br>Zignorowane. Nieme. Uwi\u0119zione. Pogardzane. Zdeformowane. Enigmatyczne. Niedost\u0119pne.<br>W tej kulturze kobieco\u015b\u0107 jest ci\u0105gle m\u0119sk\u0105 projekcj\u0105.<br>Kultura kobieca mo\u017ce by\u0107 zaprzeczeniem dominuj\u0105cego j\u0119zyka.<br>Mo\u017ce pozwoli\u0107, aby powsta\u0142o wszystko to, co jest uciskane. \u0141ad spo\u0142eczny: cia\u0142o, po\u017c\u0105danie, seksualno\u015b\u0107, nie\u015bwiadomo\u015b\u0107, osobliwo\u015b\u0107.<br>Mo\u017ce pozwoli\u0107, aby bunt st\u0142umionych z\u0142ama\u0142 dominuj\u0105ce formy ekspresji.\u201d<\/p>\n\n\n\n<p class=\"has-large-font-size\">Maria Klonaris &amp; Katerina Thomadaki (1977)<\/p>\n\n\n\n<p class=\"has-large-font-size\"><br>\u201eJaka jest kobieta wprowadzona w stan wrzenia, i niesko\u0144czono\u015b\u0107,<\/p>\n\n\n\n<p class=\"has-large-font-size\">nie zatopiona w swojej naiwno\u015bci, nie pogr\u0105\u017cona<\/p>\n\n\n\n<p class=\"has-large-font-size\">w niewiedzy i pogardzaj\u0105ca sama sob\u0105 we w\u0142adzy<\/p>\n\n\n\n<p class=\"has-large-font-size\">ojcowsko-m\u0119\u017cowsko-fallogocentrycznej,<\/p>\n\n\n\n<p class=\"has-large-font-size\">j u \u017c n i e w s t y d z \u0105 c a  si\u0119 swej mocy ?\u201d<\/p>\n\n\n\n<p class=\"has-large-font-size\">Helene Cixous (1975)<\/p>\n\n\n\n<p class=\"has-large-font-size\"><br>\u201eNajpierw musimy si\u0119 wyciszy\u0107, wzi\u0105\u0107 oddech i doj\u015b\u0107 do siebie.\u201d<\/p>\n\n\n\n<p class=\"has-large-font-size\">Chimamanda Ngozi Adichie&nbsp;(2014)<\/p>\n\n\n\n<p class=\"has-large-font-size\"><br>\u201eJeste\u015bmy wulkanami. Kiedy my, kobiety, oferujemy nasze do\u015bwiadczenie jako nasz\u0105 prawd\u0119, jako ludzk\u0105 prawd\u0119, wszystkie mapy si\u0119 zmieniaj\u0105. Powstaj\u0105 nowe g\u00f3ry.&#8221;<\/p>\n\n\n\n<p class=\"has-large-font-size\">Ursula K. LeGuin (1989)<\/p>\n\n\n\n<p class=\"has-large-font-size\"><\/p>\n\n\n\n<p class=\"has-large-font-size\"><br>\u201ePotrzebujemy wi\u0119cej&nbsp;mi\u0142o\u015bci<\/p>\n\n\n\n<p class=\"has-large-font-size\">nie od m\u0119\u017cczyzn<\/p>\n\n\n\n<p class=\"has-large-font-size\">od siebie samych<\/p>\n\n\n\n<p class=\"has-large-font-size\">i od siebie nawzajem.\u201d&nbsp;<\/p>\n\n\n\n<p class=\"has-large-font-size\">Rupi Kaur (2017)<\/p>\n\n\n\n<p class=\"has-large-font-size\"><br>Alfabet przyja\u017ani Barbara Pop\u0142awska: <a rel=\"noreferrer noopener\" href=\"http:\/\/blog.wstronezmiany.pl\/alfabet-przyjazni\/?fbclid=IwAR0kP5l639RAmGPKm6pBtp1oBuw_uLfRKqRvHm_AJukBGPB_YiXKO3Nv5uk\" target=\"_blank\">http:\/\/blog.wstronezmiany.pl\/alfabet-przyjazni\/<\/a><\/p>\n","protected":false},"excerpt":{"rendered":"<p>\u201eM\u00f3wi\u0119&nbsp;nie w\u0142asnemu&nbsp;instynktowi milczenia.&nbsp; To zrobi\u0119. Tego nie zrobi\u0119. Nie musz\u0119 by\u0107 dla ciebie mi\u0142a.\u201d Lindy West (2016) \u201eKobieto, je\u015bli chcesz si\u0119 urzeczywistni\u0107 \u2014 jeste\u015b w przededniu niszczycielskiego przewrotu psychicznego. Jedyn\u0105 metod\u0105 jest Absolutne zniszczenie.\u015alizgasz sie po powierzchni rzeczywisto\u015bci. Czy to wszystko czego chcesz?Kochanka i matka.Zniszczenie dziewictwa.Kobiety musz\u0105 zacz\u0105\u0107 od zniszczenia w sobie pragnienia bycia kochanymi.\u201d&hellip;<\/p>\n","protected":false},"author":1,"featured_media":0,"parent":0,"menu_order":0,"comment_status":"closed","ping_status":"closed","template":"","meta":[],"_links":{"self":[{"href":"http:\/\/www.zorkawollny.net\/NOISE-SISTERS\/index.php\/wp-json\/wp\/v2\/pages\/62"}],"collection":[{"href":"http:\/\/www.zorkawollny.net\/NOISE-SISTERS\/index.php\/wp-json\/wp\/v2\/pages"}],"about":[{"href":"http:\/\/www.zorkawollny.net\/NOISE-SISTERS\/index.php\/wp-json\/wp\/v2\/types\/page"}],"author":[{"embeddable":true,"href":"http:\/\/www.zorkawollny.net\/NOISE-SISTERS\/index.php\/wp-json\/wp\/v2\/users\/1"}],"replies":[{"embeddable":true,"href":"http:\/\/www.zorkawollny.net\/NOISE-SISTERS\/index.php\/wp-json\/wp\/v2\/comments?post=62"}],"version-history":[{"count":19,"href":"http:\/\/www.zorkawollny.net\/NOISE-SISTERS\/index.php\/wp-json\/wp\/v2\/pages\/62\/revisions"}],"predecessor-version":[{"id":587,"href":"http:\/\/www.zorkawollny.net\/NOISE-SISTERS\/index.php\/wp-json\/wp\/v2\/pages\/62\/revisions\/587"}],"wp:attachment":[{"href":"http:\/\/www.zorkawollny.net\/NOISE-SISTERS\/index.php\/wp-json\/wp\/v2\/media?parent=62"}],"curies":[{"name":"wp","href":"https:\/\/api.w.org\/{rel}","templated":true}]}}